{"id":1255,"date":"2021-02-18T16:39:54","date_gmt":"2021-02-18T19:39:54","guid":{"rendered":"http:\/\/autocenterpremier.com.br\/?post_type=product&#038;p=1255"},"modified":"2021-06-08T22:12:57","modified_gmt":"2021-06-09T01:12:57","slug":"pneu-apollo-165-65-r14","status":"publish","type":"product","link":"https:\/\/autocenterpremier.com.br\/?product=pneu-apollo-165-65-r14","title":{"rendered":"Pneu Apollo 185\/65 r14"},"content":{"rendered":"<p>O pneu Apollo 185\/65R14 fornece melhor efici\u00eancia de combust\u00edvel, baixo ru\u00eddo, \u00f3tima ader\u00eancia para desempenho em pista seca ou molhada.<\/p>\n<p>Aro do pneu: 14<\/p>\n<p>Largura do pneu: 185<\/p>\n","protected":false},"excerpt":{"rendered":"<p>FICHA T\u00c9CNICA:<\/p>\n<p>C\u00f3digo: 44913779<br \/>\nRefer\u00eancia de Largura: 185<br \/>\nload-speed-index: 86T<br \/>\nPerfil (mm): 65<br \/>\nProduto: Pneu<br \/>\nIndica\u00e7\u00e3o: Passeio<br \/>\nMarca: Apollo<br \/>\nModelo de desenho: Sim\u00e9trico<br \/>\n\u00cdndice de peso: 86 &#8211; 530 kg<br \/>\n\u00cdndice de velocidade: T &#8211; 190 km\/h<\/p>\n","protected":false},"featured_media":1260,"comment_status":"open","ping_status":"closed","template":"","meta":[],"product_cat":[97],"product_tag":[],"_links":{"self":[{"href":"https:\/\/autocenterpremier.com.br\/index.php?rest_route=\/wp\/v2\/product\/1255"}],"collection":[{"href":"https:\/\/autocenterpremier.com.br\/index.php?rest_route=\/wp\/v2\/product"}],"about":[{"href":"https:\/\/autocenterpremier.com.br\/index.php?rest_route=\/wp\/v2\/types\/product"}],"replies":[{"embeddable":true,"href":"https:\/\/autocenterpremier.com.br\/index.php?rest_route=%2Fwp%2Fv2%2Fcomments&post=1255"}],"wp:featuredmedia":[{"embeddable":true,"href":"https:\/\/autocenterpremier.com.br\/index.php?rest_route=\/wp\/v2\/media\/1260"}],"wp:attachment":[{"href":"https:\/\/autocenterpremier.com.br\/index.php?rest_route=%2Fwp%2Fv2%2Fmedia&parent=1255"}],"wp:term":[{"taxonomy":"product_cat","embeddable":true,"href":"https:\/\/autocenterpremier.com.br\/index.php?rest_route=%2Fwp%2Fv2%2Fproduct_cat&post=1255"},{"taxonomy":"product_tag","embeddable":true,"href":"https:\/\/autocenterpremier.com.br\/index.php?rest_route=%2Fwp%2Fv2%2Fproduct_tag&post=1255"}],"curies":[{"name":"wp","href":"https:\/\/api.w.org\/{rel}","templated":true}]}}