{"id":1248,"date":"2021-02-18T16:35:49","date_gmt":"2021-02-18T19:35:49","guid":{"rendered":"http:\/\/autocenterpremier.com.br\/?post_type=product&#038;p=1248"},"modified":"2022-06-14T21:40:40","modified_gmt":"2022-06-15T00:40:40","slug":"pneu-aosen-185-60","status":"publish","type":"product","link":"https:\/\/autocenterpremier.com.br\/?product=pneu-aosen-185-60","title":{"rendered":"Pneu Aosen 185\/60 r15"},"content":{"rendered":"<p>O pneu possui 4 sulcos longitudinais largos, melhorando a drenagem da \u00e1gua e a estabilidade em estradas escorregadias. O design dos ombros do pneu, com blocos largos, aumentam a \u00e1rea de contato com o solo, proporcionando melhor estabilidade e confiabilidade ao dirigir. O design otimizado da sequ\u00eancia de blocos na banda de rodagem dispersa o ru\u00eddo da estrada e reduz a vibra\u00e7\u00e3o, o conforto ao dirigir \u00e9 altamente aprimorado.<\/p>\n","protected":false},"excerpt":{"rendered":"<p>CARACTER\u00cdSTICAS:<\/p>\n<p>Aro: 15<br \/>\nDimens\u00e3o do Pneu: 185\/60R15<br \/>\nItens Inclusos: 01 Pneu Aosen Aro 15 185\/60R15<br \/>\nCondi\u00e7\u00e3o do Produto: Novo<br \/>\nTipo de Ve\u00edculo: Carro<\/p>\n","protected":false},"featured_media":1253,"comment_status":"open","ping_status":"closed","template":"","meta":[],"product_cat":[97],"product_tag":[],"_links":{"self":[{"href":"https:\/\/autocenterpremier.com.br\/index.php?rest_route=\/wp\/v2\/product\/1248"}],"collection":[{"href":"https:\/\/autocenterpremier.com.br\/index.php?rest_route=\/wp\/v2\/product"}],"about":[{"href":"https:\/\/autocenterpremier.com.br\/index.php?rest_route=\/wp\/v2\/types\/product"}],"replies":[{"embeddable":true,"href":"https:\/\/autocenterpremier.com.br\/index.php?rest_route=%2Fwp%2Fv2%2Fcomments&post=1248"}],"wp:featuredmedia":[{"embeddable":true,"href":"https:\/\/autocenterpremier.com.br\/index.php?rest_route=\/wp\/v2\/media\/1253"}],"wp:attachment":[{"href":"https:\/\/autocenterpremier.com.br\/index.php?rest_route=%2Fwp%2Fv2%2Fmedia&parent=1248"}],"wp:term":[{"taxonomy":"product_cat","embeddable":true,"href":"https:\/\/autocenterpremier.com.br\/index.php?rest_route=%2Fwp%2Fv2%2Fproduct_cat&post=1248"},{"taxonomy":"product_tag","embeddable":true,"href":"https:\/\/autocenterpremier.com.br\/index.php?rest_route=%2Fwp%2Fv2%2Fproduct_tag&post=1248"}],"curies":[{"name":"wp","href":"https:\/\/api.w.org\/{rel}","templated":true}]}}