{"id":1231,"date":"2021-01-19T10:13:21","date_gmt":"2021-01-19T13:13:21","guid":{"rendered":"http:\/\/autocenterpremier.com.br\/?post_type=product&#038;p=1231"},"modified":"2022-06-14T21:41:10","modified_gmt":"2022-06-15T00:41:10","slug":"oleo-ultra-sgm-5w30","status":"publish","type":"product","link":"https:\/\/autocenterpremier.com.br\/?product=oleo-ultra-sgm-5w30","title":{"rendered":"\u00d3leo Ultra SGM 5w30"},"content":{"rendered":"<p>\u00d3leo lubrificante 100% sint\u00e9tico multigrau, desenvolvido para atender aos mais recentes requerimentos de lubrifica\u00e7\u00e3o para os modernos motores flex, gasolina, etanol e GNV, proporcionando melhor desempenho na lubrifica\u00e7\u00e3o, reduzindo o seu desgaste prematuro e prolongando sua vida \u00fatil. Oferece prote\u00e7\u00e3o m\u00e1xima na partida do motor reduzindo as emiss\u00f5es de gases poluentes.<\/p>\n","protected":false},"excerpt":{"rendered":"<p>\u00d3leo 100% sint\u00e9tico com viscosidade SAE 5w30 e especifica\u00e7\u00e3o API SM, atendendo os requisitos de todos os ve\u00edculos nacionais ou importados, com excelente custo x benef\u00edcio aos clientes. Embalagem de 1L.<\/p>\n","protected":false},"featured_media":1232,"comment_status":"open","ping_status":"closed","template":"","meta":[],"product_cat":[95],"product_tag":[],"_links":{"self":[{"href":"https:\/\/autocenterpremier.com.br\/index.php?rest_route=\/wp\/v2\/product\/1231"}],"collection":[{"href":"https:\/\/autocenterpremier.com.br\/index.php?rest_route=\/wp\/v2\/product"}],"about":[{"href":"https:\/\/autocenterpremier.com.br\/index.php?rest_route=\/wp\/v2\/types\/product"}],"replies":[{"embeddable":true,"href":"https:\/\/autocenterpremier.com.br\/index.php?rest_route=%2Fwp%2Fv2%2Fcomments&post=1231"}],"wp:featuredmedia":[{"embeddable":true,"href":"https:\/\/autocenterpremier.com.br\/index.php?rest_route=\/wp\/v2\/media\/1232"}],"wp:attachment":[{"href":"https:\/\/autocenterpremier.com.br\/index.php?rest_route=%2Fwp%2Fv2%2Fmedia&parent=1231"}],"wp:term":[{"taxonomy":"product_cat","embeddable":true,"href":"https:\/\/autocenterpremier.com.br\/index.php?rest_route=%2Fwp%2Fv2%2Fproduct_cat&post=1231"},{"taxonomy":"product_tag","embeddable":true,"href":"https:\/\/autocenterpremier.com.br\/index.php?rest_route=%2Fwp%2Fv2%2Fproduct_tag&post=1231"}],"curies":[{"name":"wp","href":"https:\/\/api.w.org\/{rel}","templated":true}]}}