{"id":1223,"date":"2021-01-19T09:56:01","date_gmt":"2021-01-19T12:56:01","guid":{"rendered":"http:\/\/autocenterpremier.com.br\/?post_type=product&#038;p=1223"},"modified":"2022-06-14T21:42:59","modified_gmt":"2022-06-15T00:42:59","slug":"oleo-ultra-sgs-15w40-3l","status":"publish","type":"product","link":"https:\/\/autocenterpremier.com.br\/?product=oleo-ultra-sgs-15w40-3l","title":{"rendered":"\u00d3leo Ultra sgs 15w40 3L"},"content":{"rendered":"<p>\u00d3leo lubrificante multiviscoso semissint\u00e9tico de elevado desempenho, recomendado para motores a gasolina, etanol, flex e GNV. Indicado para lubrifica\u00e7\u00e3o dos modernos motores 4 tempos, turbinados ou de aspira\u00e7\u00e3o natural, garantindo performance e a prote\u00e7\u00e3o necess\u00e1ria contra desgastes nas condi\u00e7\u00f5es mais severas. atende aos n\u00edveis de qualidade API SL.<\/p>\n","protected":false},"excerpt":{"rendered":"<p>\u00d3leo semissint\u00e9tico com excelente lubrifica\u00e7\u00e3o, recomendado e aprovado para todos os ve\u00edculos nacionais ou importados com \u00f3timo custo x benef\u00edcio ao cliente, embalagem de 3L.<\/p>\n","protected":false},"featured_media":1224,"comment_status":"open","ping_status":"closed","template":"","meta":[],"product_cat":[95],"product_tag":[],"_links":{"self":[{"href":"https:\/\/autocenterpremier.com.br\/index.php?rest_route=\/wp\/v2\/product\/1223"}],"collection":[{"href":"https:\/\/autocenterpremier.com.br\/index.php?rest_route=\/wp\/v2\/product"}],"about":[{"href":"https:\/\/autocenterpremier.com.br\/index.php?rest_route=\/wp\/v2\/types\/product"}],"replies":[{"embeddable":true,"href":"https:\/\/autocenterpremier.com.br\/index.php?rest_route=%2Fwp%2Fv2%2Fcomments&post=1223"}],"wp:featuredmedia":[{"embeddable":true,"href":"https:\/\/autocenterpremier.com.br\/index.php?rest_route=\/wp\/v2\/media\/1224"}],"wp:attachment":[{"href":"https:\/\/autocenterpremier.com.br\/index.php?rest_route=%2Fwp%2Fv2%2Fmedia&parent=1223"}],"wp:term":[{"taxonomy":"product_cat","embeddable":true,"href":"https:\/\/autocenterpremier.com.br\/index.php?rest_route=%2Fwp%2Fv2%2Fproduct_cat&post=1223"},{"taxonomy":"product_tag","embeddable":true,"href":"https:\/\/autocenterpremier.com.br\/index.php?rest_route=%2Fwp%2Fv2%2Fproduct_tag&post=1223"}],"curies":[{"name":"wp","href":"https:\/\/api.w.org\/{rel}","templated":true}]}}