{"id":1219,"date":"2021-01-19T09:46:53","date_gmt":"2021-01-19T12:46:53","guid":{"rendered":"http:\/\/autocenterpremier.com.br\/?post_type=product&#038;p=1219"},"modified":"2022-06-14T21:43:27","modified_gmt":"2022-06-15T00:43:27","slug":"oleo-mult-lub-long-25w60","status":"publish","type":"product","link":"https:\/\/autocenterpremier.com.br\/?product=oleo-mult-lub-long-25w60","title":{"rendered":"\u00d3leo Mult Lub Long 25w60"},"content":{"rendered":"<p>\u00d3leo lubrificante mineral multiviscoso para ve\u00edculos movidos a etanol, gasolina, GNV e flex. Proporciona \u00f3tima lubrifica\u00e7\u00e3o do motor. Sua formula\u00e7\u00e3o protege contra vazamento e o consumo de \u00f3leo em motores que apresentem maiores folgas por desgaste. Indicado para ve\u00edculos com altas quilometragens.<\/p>\n","protected":false},"excerpt":{"rendered":"<p>\u00d3leo lubrificante mineral para ve\u00edculos com alta quilometragem, especifica\u00e7\u00e3o API SL SAE 25w60, aprovado para todos as marcas de ve\u00edculos nacionais e importados, com excelente custo x benef\u00edcio ao cliente.<\/p>\n","protected":false},"featured_media":1220,"comment_status":"open","ping_status":"closed","template":"","meta":[],"product_cat":[95],"product_tag":[],"_links":{"self":[{"href":"https:\/\/autocenterpremier.com.br\/index.php?rest_route=\/wp\/v2\/product\/1219"}],"collection":[{"href":"https:\/\/autocenterpremier.com.br\/index.php?rest_route=\/wp\/v2\/product"}],"about":[{"href":"https:\/\/autocenterpremier.com.br\/index.php?rest_route=\/wp\/v2\/types\/product"}],"replies":[{"embeddable":true,"href":"https:\/\/autocenterpremier.com.br\/index.php?rest_route=%2Fwp%2Fv2%2Fcomments&post=1219"}],"wp:featuredmedia":[{"embeddable":true,"href":"https:\/\/autocenterpremier.com.br\/index.php?rest_route=\/wp\/v2\/media\/1220"}],"wp:attachment":[{"href":"https:\/\/autocenterpremier.com.br\/index.php?rest_route=%2Fwp%2Fv2%2Fmedia&parent=1219"}],"wp:term":[{"taxonomy":"product_cat","embeddable":true,"href":"https:\/\/autocenterpremier.com.br\/index.php?rest_route=%2Fwp%2Fv2%2Fproduct_cat&post=1219"},{"taxonomy":"product_tag","embeddable":true,"href":"https:\/\/autocenterpremier.com.br\/index.php?rest_route=%2Fwp%2Fv2%2Fproduct_tag&post=1219"}],"curies":[{"name":"wp","href":"https:\/\/api.w.org\/{rel}","templated":true}]}}