{"id":1188,"date":"2021-01-19T10:31:26","date_gmt":"2021-01-19T13:31:26","guid":{"rendered":"http:\/\/autocenterpremier.com.br\/?post_type=product&#038;p=1188"},"modified":"2022-06-14T21:40:49","modified_gmt":"2022-06-15T00:40:49","slug":"oleo-shell-helix-ultra-5w30","status":"publish","type":"product","link":"https:\/\/autocenterpremier.com.br\/?product=oleo-shell-helix-ultra-5w30","title":{"rendered":"\u00d3leo Shell Helix ULTRA 5w30"},"content":{"rendered":"<p>\u00d3leo 100% sint\u00e9tico, desenvolvido para atender aos exigentes requerimentos dos motores de alta performance movidos a diesel, com ou sem filtros de part\u00edculas, os quais solicitem um lubrificante API SN ou ACEA A3\/B4, incluindo motores Volkswagen Flex 2014 em diante, Audi e outros ve\u00edculos importados.<\/p>\n","protected":false},"excerpt":{"rendered":"<p>\u00f3leo sint\u00e9tico para motores diesel, gasolina, etanol, flex e GNV, aprovado para todos os ve\u00edculos nacional ou importado.<\/p>\n","protected":false},"featured_media":1493,"comment_status":"open","ping_status":"closed","template":"","meta":[],"product_cat":[95],"product_tag":[],"_links":{"self":[{"href":"https:\/\/autocenterpremier.com.br\/index.php?rest_route=\/wp\/v2\/product\/1188"}],"collection":[{"href":"https:\/\/autocenterpremier.com.br\/index.php?rest_route=\/wp\/v2\/product"}],"about":[{"href":"https:\/\/autocenterpremier.com.br\/index.php?rest_route=\/wp\/v2\/types\/product"}],"replies":[{"embeddable":true,"href":"https:\/\/autocenterpremier.com.br\/index.php?rest_route=%2Fwp%2Fv2%2Fcomments&post=1188"}],"wp:featuredmedia":[{"embeddable":true,"href":"https:\/\/autocenterpremier.com.br\/index.php?rest_route=\/wp\/v2\/media\/1493"}],"wp:attachment":[{"href":"https:\/\/autocenterpremier.com.br\/index.php?rest_route=%2Fwp%2Fv2%2Fmedia&parent=1188"}],"wp:term":[{"taxonomy":"product_cat","embeddable":true,"href":"https:\/\/autocenterpremier.com.br\/index.php?rest_route=%2Fwp%2Fv2%2Fproduct_cat&post=1188"},{"taxonomy":"product_tag","embeddable":true,"href":"https:\/\/autocenterpremier.com.br\/index.php?rest_route=%2Fwp%2Fv2%2Fproduct_tag&post=1188"}],"curies":[{"name":"wp","href":"https:\/\/api.w.org\/{rel}","templated":true}]}}