{"id":925,"date":"2020-10-23T16:16:32","date_gmt":"2020-10-23T19:16:32","guid":{"rendered":"http:\/\/autocenterpremier.com.br\/?page_id=925"},"modified":"2021-04-23T16:07:35","modified_gmt":"2021-04-23T19:07:35","slug":"sobre-a-empresa","status":"publish","type":"page","link":"https:\/\/autocenterpremier.com.br\/?page_id=925","title":{"rendered":"Sobre a Empresa"},"content":{"rendered":"\n<p class=\"has-drop-cap\">A<strong> PREMIER Auto Center<\/strong>, nasceu do ideal de seus fundadores em propiciar aos clientes uma experi\u00eancia inovadora no atendimento, pautados na transpar\u00eancia, honestidade, qualidade e agilidade.<\/p>\n\n\n\n<p>Na <strong>Premier Auto Center<\/strong>, todos os pneus comercializados foram testados pela empresa, desta forma, temos conhecimento t\u00e9cnico como diferencial, as corretas indica\u00e7\u00f5es aos clientes na busca pela reposi\u00e7\u00e3o de pneus para seu carro, atendendo as necessidades dos clientes em performance, durabilidade, economia e efici\u00eancia, sempre no melhor custo benef\u00edcio ao cliente.<\/p>\n\n\n\n<p>Na <strong>Premier Auto Center<\/strong>, as pe\u00e7as de reposi\u00e7\u00e3o em freios, suspens\u00e3o e trocas de \u00f3leo, s\u00e3o marcas reconhecidas como de primeira linha ou linha de montagem, garantindo assim, a durabilidade e efici\u00eancia do seu carro, no melhor custo benef\u00edcio.<\/p>\n\n\n\n<p>Nossa equipe de colaboradores \u00e9 altamente qualificada e nosso equipamentos s\u00e3o modernos e de \u00faltima gera\u00e7\u00e3o, garantindo assim a qualidade nos servi\u00e7os prestados.<\/p>\n\n\n\n<p>Possu\u00edmos tamb\u00e9m, um eficiente servi\u00e7o de leva e tr\u00e1s, buscando e devolvendo o ve\u00edculo do cliente onde estiver.<\/p>\n\n\n\n<p class=\"has-text-align-center\" style=\"font-size:27px\"><strong>&#8220;Venha ter essa experi\u00eancia inovadora conosco!!!&#8221;<\/strong><\/p>\n","protected":false},"excerpt":{"rendered":"<p>A PREMIER Auto Center, nasceu do ideal de seus fundadores em propiciar aos clientes uma experi\u00eancia inovadora no atendimento, pautados na transpar\u00eancia, honestidade, qualidade e agilidade. Na Premier Auto Center, todos os pneus comercializados foram testados pela empresa, desta forma, temos conhecimento t\u00e9cnico como diferencial, as corretas indica\u00e7\u00f5es aos clientes na busca pela reposi\u00e7\u00e3o de [&hellip;]<\/p>\n","protected":false},"author":1,"featured_media":0,"parent":0,"menu_order":0,"comment_status":"closed","ping_status":"closed","template":"","meta":[],"_links":{"self":[{"href":"https:\/\/autocenterpremier.com.br\/index.php?rest_route=\/wp\/v2\/pages\/925"}],"collection":[{"href":"https:\/\/autocenterpremier.com.br\/index.php?rest_route=\/wp\/v2\/pages"}],"about":[{"href":"https:\/\/autocenterpremier.com.br\/index.php?rest_route=\/wp\/v2\/types\/page"}],"author":[{"embeddable":true,"href":"https:\/\/autocenterpremier.com.br\/index.php?rest_route=\/wp\/v2\/users\/1"}],"replies":[{"embeddable":true,"href":"https:\/\/autocenterpremier.com.br\/index.php?rest_route=%2Fwp%2Fv2%2Fcomments&post=925"}],"version-history":[{"count":14,"href":"https:\/\/autocenterpremier.com.br\/index.php?rest_route=\/wp\/v2\/pages\/925\/revisions"}],"predecessor-version":[{"id":1527,"href":"https:\/\/autocenterpremier.com.br\/index.php?rest_route=\/wp\/v2\/pages\/925\/revisions\/1527"}],"wp:attachment":[{"href":"https:\/\/autocenterpremier.com.br\/index.php?rest_route=%2Fwp%2Fv2%2Fmedia&parent=925"}],"curies":[{"name":"wp","href":"https:\/\/api.w.org\/{rel}","templated":true}]}}