{"id":742,"date":"2020-10-05T11:21:55","date_gmt":"2020-10-05T14:21:55","guid":{"rendered":"http:\/\/autocenterpremier.com.br\/?page_id=742"},"modified":"2020-10-25T22:19:19","modified_gmt":"2020-10-26T01:19:19","slug":"servicos","status":"publish","type":"page","link":"https:\/\/autocenterpremier.com.br\/?page_id=742","title":{"rendered":"Servi\u00e7os"},"content":{"rendered":"<p>\n[vc_row][vc_column css=&#8221;.vc_custom_1474037280205{margin-bottom: 3.6rem !important;}&#8221;]<div id=\"sc_services_343318600_wrap\" class=\"sc_services_wrap\"><div id=\"sc_services_343318600\" class=\"sc_services sc_services_style_services-5 sc_services_type_icons  margin_top_large margin_bottom_huge\" style=\"width:100%;\" data-animation=\"animated fadeInUp normal\"><h6 class=\"sc_services_subtitle sc_item_subtitle\">Acompanhe os servi\u00e7os da AutoCenter Premier<\/h6><h3 class=\"sc_services_title sc_item_title sc_item_title_without_descr\">Nossos Servi\u00e7os<\/h3><div class=\"sc_service_container sc_align_\"><div class=\"sc_services_image\"><img src=\"https:\/\/autocenterpremier.com.br\/wp-content\/uploads\/2016\/09\/about_x2.jpg\" alt=\"about_x2\"><\/div><div class=\"sc_columns columns_wrap\"><div class=\"column-1_2 column_padding_bottom\">\t\t\t<div id=\"sc_services_343318600_1\"\t\t\t\tclass=\"sc_services_item sc_services_item_1 odd first\"\n\t\t\t\t>\n\t\t\t\t<a href=\"https:\/\/autocenterpremier.com.br\/?services=suspensao-veiculo\"><span class=\"sc_icon icon-book-open\"><\/span><\/a>\t\t\t\t<div class=\"sc_services_item_content\">\n\t\t\t\t\t<h4 class=\"sc_services_item_title\"><a href=\"https:\/\/autocenterpremier.com.br\/?services=suspensao-veiculo\">Suspens\u00e3o do Ve\u00edculo<\/a><\/h4>\n\t\t\t\t\t<div class=\"sc_services_item_description\">\n\t\t\t\t\t\t<p>Servi\u00e7o completo de suspens\u00e3o automotiva.<\/p>\t\t\t\t\t<\/div>\n\t\t\t\t<\/div>\n\t\t\t<\/div>\n\t\t<\/div><div class=\"column-1_2 column_padding_bottom\">\t\t\t<div id=\"sc_services_343318600_2\"\t\t\t\tclass=\"sc_services_item sc_services_item_2 even\"\n\t\t\t\t>\n\t\t\t\t<a href=\"https:\/\/autocenterpremier.com.br\/?services=freios\"><span class=\"sc_icon icon-book-open\"><\/span><\/a>\t\t\t\t<div class=\"sc_services_item_content\">\n\t\t\t\t\t<h4 class=\"sc_services_item_title\"><a href=\"https:\/\/autocenterpremier.com.br\/?services=freios\">Freios<\/a><\/h4>\n\t\t\t\t\t<div class=\"sc_services_item_description\">\n\t\t\t\t\t\t<p>Servi\u00e7o de troca de freios completo. Ande sempre com o melhor!<\/p>\t\t\t\t\t<\/div>\n\t\t\t\t<\/div>\n\t\t\t<\/div>\n\t\t<\/div><div class=\"column-1_2 column_padding_bottom\">\t\t\t<div id=\"sc_services_343318600_3\"\t\t\t\tclass=\"sc_services_item sc_services_item_3 odd\"\n\t\t\t\t>\n\t\t\t\t<a href=\"https:\/\/autocenterpremier.com.br\/?services=alinhamento-geometria\"><span class=\"sc_icon icon-book-open\"><\/span><\/a>\t\t\t\t<div class=\"sc_services_item_content\">\n\t\t\t\t\t<h4 class=\"sc_services_item_title\"><a href=\"https:\/\/autocenterpremier.com.br\/?services=alinhamento-geometria\">Alinhamento e Geometria<\/a><\/h4>\n\t\t\t\t\t<div class=\"sc_services_item_description\">\n\t\t\t\t\t\t<p>Servi\u00e7o de Alinhamento e Geometria. Tenha sempre o seu carro pronto para...<\/p>\t\t\t\t\t<\/div>\n\t\t\t\t<\/div>\n\t\t\t<\/div>\n\t\t<\/div><div class=\"column-1_2 column_padding_bottom\">\t\t\t<div id=\"sc_services_343318600_4\"\t\t\t\tclass=\"sc_services_item sc_services_item_4 even\"\n\t\t\t\t>\n\t\t\t\t<a href=\"https:\/\/autocenterpremier.com.br\/?services=balanceamento\"><span class=\"sc_icon icon-book-open\"><\/span><\/a>\t\t\t\t<div class=\"sc_services_item_content\">\n\t\t\t\t\t<h4 class=\"sc_services_item_title\"><a href=\"https:\/\/autocenterpremier.com.br\/?services=balanceamento\">Balanceamento<\/a><\/h4>\n\t\t\t\t\t<div class=\"sc_services_item_description\">\n\t\t\t\t\t\t<p>Servi\u00e7o de balanceamento e alinhamento das rodas.<\/p>\t\t\t\t\t<\/div>\n\t\t\t\t<\/div>\n\t\t\t<\/div>\n\t\t<\/div><\/div><\/div><\/div><!-- \/.sc_services --><\/div><!-- \/.sc_services_wrap -->[\/vc_column][\/vc_row][vc_row full_width=&#8221;stretch_row&#8221; css=&#8221;.vc_custom_1473768620907{background-color: #f2f3f3 !important;}&#8221;][vc_column css=&#8221;.vc_custom_1474039735085{margin-bottom: 1.2rem !important;}&#8221;]<div id=\"sc_services_1709401212_wrap\" class=\"sc_services_wrap\"><div id=\"sc_services_1709401212\" class=\"sc_services sc_services_style_services-1 sc_services_type_images \" style=\"width:100%;\"><h6 class=\"sc_services_subtitle sc_item_subtitle\">servi\u00e7os<\/h6><h3 class=\"sc_services_title sc_item_title sc_item_title_without_descr\">Outros Servi\u00e7os<\/h3><div class=\"sc_columns columns_wrap\"><div class=\"column-1_3 column_padding_bottom\">\t\t\t<div id=\"sc_services_1709401212_1\"\t\t\t\tclass=\"sc_services_item sc_services_item_1 odd first\"\n\t\t\t\t>\n\t\t\t\t\t\t\t\t\t<div class=\"sc_services_item_featured post_featured\">\n\t\t\t\t\t\t\t<div class=\"post_thumb\" data-image=\"https:\/\/autocenterpremier.com.br\/wp-content\/uploads\/2016\/09\/service-1-1.jpg\" data-title=\"Troca de \u00d3leo\">\n\t<a class=\"hover_icon hover_icon_link\" href=\"https:\/\/autocenterpremier.com.br\/?services=troca-oleo\"><img class=\"wp-post-image\" width=\"370\" height=\"255\" alt=\"Troca de \u00d3leo\" src=\"https:\/\/autocenterpremier.com.br\/wp-content\/uploads\/2016\/09\/service-1-1-370x255.jpg\"><\/a>\t<\/div>\n\t\t\t\t\t\t<\/div>\n\t\t\t\t\t\t\t\t\t<div class=\"sc_services_item_content\">\n\t\t\t\t\t<h4 class=\"sc_services_item_title\"><a href=\"https:\/\/autocenterpremier.com.br\/?services=troca-oleo\">Troca de \u00d3leo<\/a><\/h4>\n\t\t\t\t\t<div class=\"sc_services_item_description\">\n\t\t\t\t\t\t<p>A troca do \u00f3leo \u00e9 um dos procedimentos mais importantes para a vida \u00fatil do motor.<\/p><a href=\"https:\/\/autocenterpremier.com.br\/?services=troca-oleo\" class=\"sc_button sc_button_square sc_button_style_filled_dark sc_button_size_small\">Learn more<\/a>\t\t\t\t\t<\/div>\n\t\t\t\t<\/div>\n\t\t\t<\/div>\n\t\t<\/div><div class=\"column-1_3 column_padding_bottom\">\t\t\t<div id=\"sc_services_1709401212_2\"\t\t\t\tclass=\"sc_services_item sc_services_item_2 even\"\n\t\t\t\t>\n\t\t\t\t\t\t\t\t\t<div class=\"sc_services_item_featured post_featured\">\n\t\t\t\t\t\t\t<div class=\"post_thumb\" data-image=\"https:\/\/autocenterpremier.com.br\/wp-content\/uploads\/2016\/09\/service-2.jpg\" data-title=\"Troca de Filtros\">\n\t<a class=\"hover_icon hover_icon_link\" href=\"https:\/\/autocenterpremier.com.br\/?services=troca-filtros\"><img class=\"wp-post-image\" width=\"370\" height=\"255\" alt=\"Troca de Filtros\" src=\"https:\/\/autocenterpremier.com.br\/wp-content\/uploads\/2016\/09\/service-2-370x255.jpg\"><\/a>\t<\/div>\n\t\t\t\t\t\t<\/div>\n\t\t\t\t\t\t\t\t\t<div class=\"sc_services_item_content\">\n\t\t\t\t\t<h4 class=\"sc_services_item_title\"><a href=\"https:\/\/autocenterpremier.com.br\/?services=troca-filtros\">Troca de Filtros<\/a><\/h4>\n\t\t\t\t\t<div class=\"sc_services_item_description\">\n\t\t\t\t\t\t<p>Troca do filtro de combust\u00edvel e de ar, ideal para o bom funcionamento do ve\u00edculo.<\/p><a href=\"https:\/\/autocenterpremier.com.br\/?services=troca-filtros\" class=\"sc_button sc_button_square sc_button_style_filled_dark sc_button_size_small\">Learn more<\/a>\t\t\t\t\t<\/div>\n\t\t\t\t<\/div>\n\t\t\t<\/div>\n\t\t<\/div><div class=\"column-1_3 column_padding_bottom\">\t\t\t<div id=\"sc_services_1709401212_3\"\t\t\t\tclass=\"sc_services_item sc_services_item_3 odd\"\n\t\t\t\t>\n\t\t\t\t\t\t\t\t\t<div class=\"sc_services_item_featured post_featured\">\n\t\t\t\t\t\t\t<div class=\"post_thumb\" data-image=\"https:\/\/autocenterpremier.com.br\/wp-content\/uploads\/2016\/09\/service-3.jpg\" data-title=\"Higieniza\u00e7\u00e3o de Ar Condicionado\">\n\t<a class=\"hover_icon hover_icon_link\" href=\"https:\/\/autocenterpremier.com.br\/?services=higienizacao-ar-condicionado\"><img class=\"wp-post-image\" width=\"370\" height=\"255\" alt=\"Higieniza\u00e7\u00e3o de Ar Condicionado\" src=\"https:\/\/autocenterpremier.com.br\/wp-content\/uploads\/2016\/09\/service-3-370x255.jpg\"><\/a>\t<\/div>\n\t\t\t\t\t\t<\/div>\n\t\t\t\t\t\t\t\t\t<div class=\"sc_services_item_content\">\n\t\t\t\t\t<h4 class=\"sc_services_item_title\"><a href=\"https:\/\/autocenterpremier.com.br\/?services=higienizacao-ar-condicionado\">Higieniza\u00e7\u00e3o de Ar Condicionado<\/a><\/h4>\n\t\t\t\t\t<div class=\"sc_services_item_description\">\n\t\t\t\t\t\t<p>Limpeza do filtro de ar como evaporador, compressor, das tubula\u00e7\u00f5es e dos demais componentes.<\/p><a href=\"https:\/\/autocenterpremier.com.br\/?services=higienizacao-ar-condicionado\" class=\"sc_button sc_button_square sc_button_style_filled_dark sc_button_size_small\">Learn more<\/a>\t\t\t\t\t<\/div>\n\t\t\t\t<\/div>\n\t\t\t<\/div>\n\t\t<\/div><\/div><\/div><!-- \/.sc_services --><\/div><!-- \/.sc_services_wrap -->[\/vc_column][\/vc_row]<\/p>\n","protected":false},"excerpt":{"rendered":"<p>[vc_row][vc_column css=&#8221;.vc_custom_1474037280205{margin-bottom: 3.6rem !important;}&#8221;][\/vc_column][\/vc_row][vc_row full_width=&#8221;stretch_row&#8221; css=&#8221;.vc_custom_1473768620907{background-color: #f2f3f3 !important;}&#8221;][vc_column css=&#8221;.vc_custom_1474039735085{margin-bottom: 1.2rem !important;}&#8221;][\/vc_column][\/vc_row]<\/p>\n","protected":false},"author":1,"featured_media":0,"parent":0,"menu_order":0,"comment_status":"closed","ping_status":"closed","template":"","meta":[],"_links":{"self":[{"href":"https:\/\/autocenterpremier.com.br\/index.php?rest_route=\/wp\/v2\/pages\/742"}],"collection":[{"href":"https:\/\/autocenterpremier.com.br\/index.php?rest_route=\/wp\/v2\/pages"}],"about":[{"href":"https:\/\/autocenterpremier.com.br\/index.php?rest_route=\/wp\/v2\/types\/page"}],"author":[{"embeddable":true,"href":"https:\/\/autocenterpremier.com.br\/index.php?rest_route=\/wp\/v2\/users\/1"}],"replies":[{"embeddable":true,"href":"https:\/\/autocenterpremier.com.br\/index.php?rest_route=%2Fwp%2Fv2%2Fcomments&post=742"}],"version-history":[{"count":16,"href":"https:\/\/autocenterpremier.com.br\/index.php?rest_route=\/wp\/v2\/pages\/742\/revisions"}],"predecessor-version":[{"id":956,"href":"https:\/\/autocenterpremier.com.br\/index.php?rest_route=\/wp\/v2\/pages\/742\/revisions\/956"}],"wp:attachment":[{"href":"https:\/\/autocenterpremier.com.br\/index.php?rest_route=%2Fwp%2Fv2%2Fmedia&parent=742"}],"curies":[{"name":"wp","href":"https:\/\/api.w.org\/{rel}","templated":true}]}}