{"id":4,"date":"2016-09-12T08:33:47","date_gmt":"2016-09-12T08:33:47","guid":{"rendered":"http:\/\/autocenterpremier.com.br\/?page_id=4"},"modified":"2021-02-23T14:44:49","modified_gmt":"2021-02-23T17:44:49","slug":"home-1","status":"publish","type":"page","link":"https:\/\/autocenterpremier.com.br\/","title":{"rendered":"Home 1"},"content":{"rendered":"<p>[vc_row full_width=&#8221;stretch_row&#8221; inverse=&#8221;yes&#8221; css=&#8221;.vc_custom_1473859431790{background-image: url(http:\/\/autocenterpremier.com.br\/wp-content\/uploads\/2016\/09\/parallax_2.jpg?id=40) !important;background-size: cover !important;}&#8221; el_class=&#8221;row-in&#8221;][vc_column css=&#8221;.vc_custom_1474034149683{margin-top: 2.55rem !important;margin-bottom: 4.2rem !important;}&#8221;]<div class=\"sc_section\"><div class=\"sc_section_inner\"><div class=\"sc_section_content_wrap\"><div class=\"columns_wrap sc_columns columns_nofluid sc_columns_count_2\" data-equal-height=\".sc_column_item\"><div class=\"column-1_2 sc_column_item sc_column_item_1 odd first\" data-animation=\"animated fadeInLeft normal\"><div class=\"sc_section sc_section_block margin_top_huge margin_bottom_huge margin_left_large\"><div class=\"sc_section_inner\"><div class=\"sc_section_content_wrap\"><div id=\"sc_call_to_action_1737284957\" class=\"sc_call_to_action sc_call_to_action_style_1 sc_call_to_action_align_left\" style=\"width:100%;\"><div class=\"sc_call_to_action_info\"><h2 class=\"sc_call_to_action_title sc_item_title sc_item_title_without_descr\">Manuten\u00e7\u00e3o Completa<\/h2><div class=\"sc_call_to_action_descr sc_item_descr\">Nossa equipe de profissionais ir\u00e1 ajud\u00e1-lo a escolher as pe\u00e7as perfeitas para o seu ve\u00edculo<\/div><\/div><\/div>[vc_empty_space height=&#8221;0.5rem&#8221;]<a href=\"\/servicos\" class=\"sc_button sc_button_square sc_button_style_filled_light sc_button_size_large margin_top_small\">Veja Mais<\/a><\/div><\/div><\/div><\/div><div class=\"column-1_2 sc_column_item sc_column_item_2 even\" data-animation=\"animated fadeInRight normal\"><div class=\"sc_section sc_section_block margin_top_huge margin_bottom_huge margin_left_huge\"><div class=\"sc_section_inner\"><div class=\"sc_section_content_wrap\"><div id=\"sc_call_to_action_2100611660\" class=\"sc_call_to_action sc_call_to_action_style_1 sc_call_to_action_align_left\" style=\"width:100%;\"><div class=\"sc_call_to_action_info\"><h2 class=\"sc_call_to_action_title sc_item_title sc_item_title_without_descr\">Encontre os pneus certos<\/h2><div class=\"sc_call_to_action_descr sc_item_descr\">Uma grande fonte de produtos de qualidade a pronta-entrega<\/div><\/div><\/div>[vc_empty_space height=&#8221;0.5rem&#8221;]<a href=\"\/categoria\/pneus\" class=\"sc_button sc_button_square sc_button_style_filled_light_hover sc_button_size_large margin_top_small\">Veja Mais<\/a><\/div><\/div><\/div><\/div><\/div><\/div><\/div><\/div>[\/vc_column][\/vc_row]<\/p>\n<p>[vc_row full_width=&#8221;stretch_row&#8221; css=&#8221;.vc_custom_1473765798485{background-color: #f2f3f3 !important;}&#8221;][vc_column css=&#8221;.vc_custom_1474277639365{margin-bottom: 0.4rem !important;}&#8221;]<div class=\"sc_section margin_top_large margin_bottom_huge\" data-animation=\"animated fadeInUp normal\"><div class=\"sc_section_inner\"><h6 class=\"sc_section_subtitle sc_item_subtitle\">Pneus de Carro<\/h6><h3 class=\"sc_section_title sc_item_title sc_item_title_without_descr\">Pneus<\/h3><div class=\"sc_section_content_wrap\"><div class=\"woocommerce columns-4 \"><ul class=\"products columns-4\">\n<li class=\"product type-product post-1267 status-publish first outofstock product_cat-pneus has-post-thumbnail taxable shipping-taxable purchasable product-type-simple\">\n\t<a href=\"https:\/\/autocenterpremier.com.br\/?product=pneu-kumho-195-40\" class=\"woocommerce-LoopProduct-link woocommerce-loop-product__link\"><img width=\"300\" height=\"300\" src=\"https:\/\/autocenterpremier.com.br\/wp-content\/uploads\/2021\/02\/5-4-300x300.jpg\" class=\"attachment-woocommerce_thumbnail size-woocommerce_thumbnail\" alt=\"\" decoding=\"async\" loading=\"lazy\" srcset=\"https:\/\/autocenterpremier.com.br\/wp-content\/uploads\/2021\/02\/5-4-300x300.jpg 300w, https:\/\/autocenterpremier.com.br\/wp-content\/uploads\/2021\/02\/5-4-1024x1024.jpg 1024w, https:\/\/autocenterpremier.com.br\/wp-content\/uploads\/2021\/02\/5-4-150x150.jpg 150w, https:\/\/autocenterpremier.com.br\/wp-content\/uploads\/2021\/02\/5-4-768x768.jpg 768w, https:\/\/autocenterpremier.com.br\/wp-content\/uploads\/2021\/02\/5-4-12x12.jpg 12w, https:\/\/autocenterpremier.com.br\/wp-content\/uploads\/2021\/02\/5-4-600x600.jpg 600w, https:\/\/autocenterpremier.com.br\/wp-content\/uploads\/2021\/02\/5-4-100x100.jpg 100w, https:\/\/autocenterpremier.com.br\/wp-content\/uploads\/2021\/02\/5-4.jpg 1200w\" sizes=\"(max-width: 300px) 100vw, 300px\" \/><h2 class=\"woocommerce-loop-product__title\">Pneu Kumho 195\/40 r17<\/h2>\n\t<span class=\"price\"><span class=\"woocommerce-Price-amount amount\"><bdi><span class=\"woocommerce-Price-currencySymbol\">&#82;&#36;<\/span>564,05<\/bdi><\/span><\/span>\n<\/a><a href=\"https:\/\/autocenterpremier.com.br\/?product=pneu-kumho-195-40\" data-quantity=\"1\" class=\"button product_type_simple\" data-product_id=\"1267\" data-product_sku=\"\" aria-label=\"Leia mais sobre &ldquo;Pneu Kumho 195\/40 r17&rdquo;\" rel=\"nofollow\">Comprar<\/a><\/li>\n<li class=\"product type-product post-1261 status-publish outofstock product_cat-pneus has-post-thumbnail taxable shipping-taxable purchasable product-type-simple\">\n\t<a href=\"https:\/\/autocenterpremier.com.br\/?product=pneu-pirelli-175-65\" class=\"woocommerce-LoopProduct-link woocommerce-loop-product__link\"><img width=\"300\" height=\"300\" src=\"https:\/\/autocenterpremier.com.br\/wp-content\/uploads\/2021\/02\/5-3-300x300.jpg\" class=\"attachment-woocommerce_thumbnail size-woocommerce_thumbnail\" alt=\"\" decoding=\"async\" loading=\"lazy\" srcset=\"https:\/\/autocenterpremier.com.br\/wp-content\/uploads\/2021\/02\/5-3-300x300.jpg 300w, https:\/\/autocenterpremier.com.br\/wp-content\/uploads\/2021\/02\/5-3-1024x1024.jpg 1024w, https:\/\/autocenterpremier.com.br\/wp-content\/uploads\/2021\/02\/5-3-150x150.jpg 150w, https:\/\/autocenterpremier.com.br\/wp-content\/uploads\/2021\/02\/5-3-768x768.jpg 768w, https:\/\/autocenterpremier.com.br\/wp-content\/uploads\/2021\/02\/5-3-12x12.jpg 12w, https:\/\/autocenterpremier.com.br\/wp-content\/uploads\/2021\/02\/5-3-600x600.jpg 600w, https:\/\/autocenterpremier.com.br\/wp-content\/uploads\/2021\/02\/5-3-100x100.jpg 100w, https:\/\/autocenterpremier.com.br\/wp-content\/uploads\/2021\/02\/5-3.jpg 1200w\" sizes=\"(max-width: 300px) 100vw, 300px\" \/><h2 class=\"woocommerce-loop-product__title\">Pneu Pirelli 175\/65 r14<\/h2>\n\t<span class=\"price\"><span class=\"woocommerce-Price-amount amount\"><bdi><span class=\"woocommerce-Price-currencySymbol\">&#82;&#36;<\/span>404,41<\/bdi><\/span><\/span>\n<\/a><a href=\"https:\/\/autocenterpremier.com.br\/?product=pneu-pirelli-175-65\" data-quantity=\"1\" class=\"button product_type_simple\" data-product_id=\"1261\" data-product_sku=\"\" aria-label=\"Leia mais sobre &ldquo;Pneu Pirelli 175\/65 r14&rdquo;\" rel=\"nofollow\">Comprar<\/a><\/li>\n<li class=\"product type-product post-1255 status-publish outofstock product_cat-pneus has-post-thumbnail taxable shipping-taxable purchasable product-type-simple\">\n\t<a href=\"https:\/\/autocenterpremier.com.br\/?product=pneu-apollo-165-65-r14\" class=\"woocommerce-LoopProduct-link woocommerce-loop-product__link\"><img width=\"300\" height=\"300\" src=\"https:\/\/autocenterpremier.com.br\/wp-content\/uploads\/2021\/02\/5-2-300x300.jpg\" class=\"attachment-woocommerce_thumbnail size-woocommerce_thumbnail\" alt=\"\" decoding=\"async\" loading=\"lazy\" srcset=\"https:\/\/autocenterpremier.com.br\/wp-content\/uploads\/2021\/02\/5-2-300x300.jpg 300w, https:\/\/autocenterpremier.com.br\/wp-content\/uploads\/2021\/02\/5-2-1024x1024.jpg 1024w, https:\/\/autocenterpremier.com.br\/wp-content\/uploads\/2021\/02\/5-2-150x150.jpg 150w, https:\/\/autocenterpremier.com.br\/wp-content\/uploads\/2021\/02\/5-2-768x768.jpg 768w, https:\/\/autocenterpremier.com.br\/wp-content\/uploads\/2021\/02\/5-2-12x12.jpg 12w, https:\/\/autocenterpremier.com.br\/wp-content\/uploads\/2021\/02\/5-2-600x600.jpg 600w, https:\/\/autocenterpremier.com.br\/wp-content\/uploads\/2021\/02\/5-2-100x100.jpg 100w, https:\/\/autocenterpremier.com.br\/wp-content\/uploads\/2021\/02\/5-2.jpg 1200w\" sizes=\"(max-width: 300px) 100vw, 300px\" \/><h2 class=\"woocommerce-loop-product__title\">Pneu Apollo 185\/65 r14<\/h2>\n\t<span class=\"price\"><span class=\"woocommerce-Price-amount amount\"><bdi><span class=\"woocommerce-Price-currencySymbol\">&#82;&#36;<\/span>322,00<\/bdi><\/span><\/span>\n<\/a><a href=\"https:\/\/autocenterpremier.com.br\/?product=pneu-apollo-165-65-r14\" data-quantity=\"1\" class=\"button product_type_simple\" data-product_id=\"1255\" data-product_sku=\"\" aria-label=\"Leia mais sobre &ldquo;Pneu Apollo 185\/65 r14&rdquo;\" rel=\"nofollow\">Comprar<\/a><\/li>\n<li class=\"product type-product post-1248 status-publish last outofstock product_cat-pneus has-post-thumbnail taxable shipping-taxable purchasable product-type-simple\">\n\t<a href=\"https:\/\/autocenterpremier.com.br\/?product=pneu-aosen-185-60\" class=\"woocommerce-LoopProduct-link woocommerce-loop-product__link\"><img width=\"300\" height=\"300\" src=\"https:\/\/autocenterpremier.com.br\/wp-content\/uploads\/2021\/02\/5-1-300x300.jpg\" class=\"attachment-woocommerce_thumbnail size-woocommerce_thumbnail\" alt=\"\" decoding=\"async\" loading=\"lazy\" srcset=\"https:\/\/autocenterpremier.com.br\/wp-content\/uploads\/2021\/02\/5-1-300x300.jpg 300w, https:\/\/autocenterpremier.com.br\/wp-content\/uploads\/2021\/02\/5-1-1024x1024.jpg 1024w, https:\/\/autocenterpremier.com.br\/wp-content\/uploads\/2021\/02\/5-1-150x150.jpg 150w, https:\/\/autocenterpremier.com.br\/wp-content\/uploads\/2021\/02\/5-1-768x768.jpg 768w, https:\/\/autocenterpremier.com.br\/wp-content\/uploads\/2021\/02\/5-1-12x12.jpg 12w, https:\/\/autocenterpremier.com.br\/wp-content\/uploads\/2021\/02\/5-1-600x600.jpg 600w, https:\/\/autocenterpremier.com.br\/wp-content\/uploads\/2021\/02\/5-1-100x100.jpg 100w, https:\/\/autocenterpremier.com.br\/wp-content\/uploads\/2021\/02\/5-1.jpg 1200w\" sizes=\"(max-width: 300px) 100vw, 300px\" \/><h2 class=\"woocommerce-loop-product__title\">Pneu Aosen 185\/60 r15<\/h2>\n\t<span class=\"price\"><span class=\"woocommerce-Price-amount amount\"><bdi><span class=\"woocommerce-Price-currencySymbol\">&#82;&#36;<\/span>391,50<\/bdi><\/span><\/span>\n<\/a><a href=\"https:\/\/autocenterpremier.com.br\/?product=pneu-aosen-185-60\" data-quantity=\"1\" class=\"button product_type_simple\" data-product_id=\"1248\" data-product_sku=\"\" aria-label=\"Leia mais sobre &ldquo;Pneu Aosen 185\/60 r15&rdquo;\" rel=\"nofollow\">Comprar<\/a><\/li>\n<\/ul>\n<\/div><\/div><div class=\"sc_section_button sc_item_button\"><a href=\"\/categoria\/pneus\" class=\"sc_button sc_button_square sc_button_style_filled sc_button_size_large\">Veja mais<\/a><\/div><\/div><\/div>[\/vc_column][\/vc_row][vc_row]<\/p>\n<p>[vc_row full_width=&#8221;stretch_row&#8221; css=&#8221;.vc_custom_1473765798485{background-color: #f2f3f3 !important;}&#8221;][vc_column css=&#8221;.vc_custom_1474277639365{margin-bottom: 0.4rem !important;}&#8221;]<div class=\"sc_section margin_top_large margin_bottom_huge\" data-animation=\"animated fadeInUp normal\"><div class=\"sc_section_inner\"><h6 class=\"sc_section_subtitle sc_item_subtitle\">\u00d3leos das mais diferentes marcas<\/h6><h3 class=\"sc_section_title sc_item_title sc_item_title_without_descr\">Linha de Lubrificantes<\/h3><div class=\"sc_section_content_wrap\"><div class=\"woocommerce columns-4 \"><ul class=\"products columns-4\">\n<li class=\"product type-product post-1231 status-publish first outofstock product_cat-oleos has-post-thumbnail taxable shipping-taxable purchasable product-type-simple\">\n\t<a href=\"https:\/\/autocenterpremier.com.br\/?product=oleo-ultra-sgm-5w30\" class=\"woocommerce-LoopProduct-link woocommerce-loop-product__link\"><img width=\"300\" height=\"300\" src=\"https:\/\/autocenterpremier.com.br\/wp-content\/uploads\/2021\/01\/Ultra-5w30-0-300x300.jpg\" class=\"attachment-woocommerce_thumbnail size-woocommerce_thumbnail\" alt=\"\" decoding=\"async\" loading=\"lazy\" srcset=\"https:\/\/autocenterpremier.com.br\/wp-content\/uploads\/2021\/01\/Ultra-5w30-0-300x300.jpg 300w, https:\/\/autocenterpremier.com.br\/wp-content\/uploads\/2021\/01\/Ultra-5w30-0-1024x1024.jpg 1024w, https:\/\/autocenterpremier.com.br\/wp-content\/uploads\/2021\/01\/Ultra-5w30-0-150x150.jpg 150w, https:\/\/autocenterpremier.com.br\/wp-content\/uploads\/2021\/01\/Ultra-5w30-0-768x768.jpg 768w, https:\/\/autocenterpremier.com.br\/wp-content\/uploads\/2021\/01\/Ultra-5w30-0-12x12.jpg 12w, https:\/\/autocenterpremier.com.br\/wp-content\/uploads\/2021\/01\/Ultra-5w30-0-600x600.jpg 600w, https:\/\/autocenterpremier.com.br\/wp-content\/uploads\/2021\/01\/Ultra-5w30-0-100x100.jpg 100w, https:\/\/autocenterpremier.com.br\/wp-content\/uploads\/2021\/01\/Ultra-5w30-0.jpg 1200w\" sizes=\"(max-width: 300px) 100vw, 300px\" \/><h2 class=\"woocommerce-loop-product__title\">\u00d3leo Ultra SGM 5w30<\/h2>\n\t<span class=\"price\"><span class=\"woocommerce-Price-amount amount\"><bdi><span class=\"woocommerce-Price-currencySymbol\">&#82;&#36;<\/span>27,60<\/bdi><\/span><\/span>\n<\/a><a href=\"https:\/\/autocenterpremier.com.br\/?product=oleo-ultra-sgm-5w30\" data-quantity=\"1\" class=\"button product_type_simple\" data-product_id=\"1231\" data-product_sku=\"\" aria-label=\"Leia mais sobre &ldquo;\u00d3leo Ultra SGM 5w30&rdquo;\" rel=\"nofollow\">Comprar<\/a><\/li>\n<li class=\"product type-product post-1227 status-publish outofstock product_cat-oleos has-post-thumbnail taxable shipping-taxable purchasable product-type-simple\">\n\t<a href=\"https:\/\/autocenterpremier.com.br\/?product=oleo-ultra-sgs-sae-15w40-500ml\" class=\"woocommerce-LoopProduct-link woocommerce-loop-product__link\"><img width=\"300\" height=\"300\" src=\"https:\/\/autocenterpremier.com.br\/wp-content\/uploads\/2021\/01\/Ultra-15w40-2-300x300.jpg\" class=\"attachment-woocommerce_thumbnail size-woocommerce_thumbnail\" alt=\"\" decoding=\"async\" loading=\"lazy\" srcset=\"https:\/\/autocenterpremier.com.br\/wp-content\/uploads\/2021\/01\/Ultra-15w40-2-300x300.jpg 300w, https:\/\/autocenterpremier.com.br\/wp-content\/uploads\/2021\/01\/Ultra-15w40-2-1024x1024.jpg 1024w, https:\/\/autocenterpremier.com.br\/wp-content\/uploads\/2021\/01\/Ultra-15w40-2-150x150.jpg 150w, https:\/\/autocenterpremier.com.br\/wp-content\/uploads\/2021\/01\/Ultra-15w40-2-768x768.jpg 768w, https:\/\/autocenterpremier.com.br\/wp-content\/uploads\/2021\/01\/Ultra-15w40-2-12x12.jpg 12w, https:\/\/autocenterpremier.com.br\/wp-content\/uploads\/2021\/01\/Ultra-15w40-2-600x600.jpg 600w, https:\/\/autocenterpremier.com.br\/wp-content\/uploads\/2021\/01\/Ultra-15w40-2-100x100.jpg 100w, https:\/\/autocenterpremier.com.br\/wp-content\/uploads\/2021\/01\/Ultra-15w40-2.jpg 1200w\" sizes=\"(max-width: 300px) 100vw, 300px\" \/><h2 class=\"woocommerce-loop-product__title\">\u00d3leo Ultra SGS SAE 15w40 500ml<\/h2>\n\t<span class=\"price\"><span class=\"woocommerce-Price-amount amount\"><bdi><span class=\"woocommerce-Price-currencySymbol\">&#82;&#36;<\/span>12,70<\/bdi><\/span><\/span>\n<\/a><a href=\"https:\/\/autocenterpremier.com.br\/?product=oleo-ultra-sgs-sae-15w40-500ml\" data-quantity=\"1\" class=\"button product_type_simple\" data-product_id=\"1227\" data-product_sku=\"\" aria-label=\"Leia mais sobre &ldquo;\u00d3leo Ultra SGS SAE 15w40 500ml&rdquo;\" rel=\"nofollow\">Comprar<\/a><\/li>\n<li class=\"product type-product post-1223 status-publish outofstock product_cat-oleos has-post-thumbnail taxable shipping-taxable purchasable product-type-simple\">\n\t<a href=\"https:\/\/autocenterpremier.com.br\/?product=oleo-ultra-sgs-15w40-3l\" class=\"woocommerce-LoopProduct-link woocommerce-loop-product__link\"><img width=\"300\" height=\"300\" src=\"https:\/\/autocenterpremier.com.br\/wp-content\/uploads\/2021\/01\/Ultra-15w40-1-300x300.jpg\" class=\"attachment-woocommerce_thumbnail size-woocommerce_thumbnail\" alt=\"\" decoding=\"async\" loading=\"lazy\" srcset=\"https:\/\/autocenterpremier.com.br\/wp-content\/uploads\/2021\/01\/Ultra-15w40-1-300x300.jpg 300w, https:\/\/autocenterpremier.com.br\/wp-content\/uploads\/2021\/01\/Ultra-15w40-1-1024x1024.jpg 1024w, https:\/\/autocenterpremier.com.br\/wp-content\/uploads\/2021\/01\/Ultra-15w40-1-150x150.jpg 150w, https:\/\/autocenterpremier.com.br\/wp-content\/uploads\/2021\/01\/Ultra-15w40-1-768x768.jpg 768w, https:\/\/autocenterpremier.com.br\/wp-content\/uploads\/2021\/01\/Ultra-15w40-1-12x12.jpg 12w, https:\/\/autocenterpremier.com.br\/wp-content\/uploads\/2021\/01\/Ultra-15w40-1-600x600.jpg 600w, https:\/\/autocenterpremier.com.br\/wp-content\/uploads\/2021\/01\/Ultra-15w40-1-100x100.jpg 100w, https:\/\/autocenterpremier.com.br\/wp-content\/uploads\/2021\/01\/Ultra-15w40-1.jpg 1200w\" sizes=\"(max-width: 300px) 100vw, 300px\" \/><h2 class=\"woocommerce-loop-product__title\">\u00d3leo Ultra sgs 15w40 3L<\/h2>\n\t<span class=\"price\"><span class=\"woocommerce-Price-amount amount\"><bdi><span class=\"woocommerce-Price-currencySymbol\">&#82;&#36;<\/span>73,81<\/bdi><\/span><\/span>\n<\/a><a href=\"https:\/\/autocenterpremier.com.br\/?product=oleo-ultra-sgs-15w40-3l\" data-quantity=\"1\" class=\"button product_type_simple\" data-product_id=\"1223\" data-product_sku=\"\" aria-label=\"Leia mais sobre &ldquo;\u00d3leo Ultra sgs 15w40 3L&rdquo;\" rel=\"nofollow\">Comprar<\/a><\/li>\n<li class=\"product type-product post-1219 status-publish last outofstock product_cat-oleos has-post-thumbnail taxable shipping-taxable purchasable product-type-simple\">\n\t<a href=\"https:\/\/autocenterpremier.com.br\/?product=oleo-mult-lub-long-25w60\" class=\"woocommerce-LoopProduct-link woocommerce-loop-product__link\"><img width=\"300\" height=\"300\" src=\"https:\/\/autocenterpremier.com.br\/wp-content\/uploads\/2021\/01\/25w60-300x300.jpg\" class=\"attachment-woocommerce_thumbnail size-woocommerce_thumbnail\" alt=\"\" decoding=\"async\" loading=\"lazy\" srcset=\"https:\/\/autocenterpremier.com.br\/wp-content\/uploads\/2021\/01\/25w60-300x300.jpg 300w, https:\/\/autocenterpremier.com.br\/wp-content\/uploads\/2021\/01\/25w60-1024x1024.jpg 1024w, https:\/\/autocenterpremier.com.br\/wp-content\/uploads\/2021\/01\/25w60-150x150.jpg 150w, https:\/\/autocenterpremier.com.br\/wp-content\/uploads\/2021\/01\/25w60-768x768.jpg 768w, https:\/\/autocenterpremier.com.br\/wp-content\/uploads\/2021\/01\/25w60-12x12.jpg 12w, https:\/\/autocenterpremier.com.br\/wp-content\/uploads\/2021\/01\/25w60-600x600.jpg 600w, https:\/\/autocenterpremier.com.br\/wp-content\/uploads\/2021\/01\/25w60-100x100.jpg 100w, https:\/\/autocenterpremier.com.br\/wp-content\/uploads\/2021\/01\/25w60.jpg 1200w\" sizes=\"(max-width: 300px) 100vw, 300px\" \/><h2 class=\"woocommerce-loop-product__title\">\u00d3leo Mult Lub Long 25w60<\/h2>\n\t<span class=\"price\"><span class=\"woocommerce-Price-amount amount\"><bdi><span class=\"woocommerce-Price-currencySymbol\">&#82;&#36;<\/span>24,44<\/bdi><\/span><\/span>\n<\/a><a href=\"https:\/\/autocenterpremier.com.br\/?product=oleo-mult-lub-long-25w60\" data-quantity=\"1\" class=\"button product_type_simple\" data-product_id=\"1219\" data-product_sku=\"\" aria-label=\"Leia mais sobre &ldquo;\u00d3leo Mult Lub Long 25w60&rdquo;\" rel=\"nofollow\">Comprar<\/a><\/li>\n<\/ul>\n<\/div><\/div><div class=\"sc_section_button sc_item_button\"><a href=\"\/categoria\/oleos\" class=\"sc_button sc_button_square sc_button_style_filled sc_button_size_large\">Veja mais<\/a><\/div><\/div><\/div>[\/vc_column][\/vc_row][vc_row]<\/p>\n","protected":false},"excerpt":{"rendered":"[vc_row full_width=\"stretch_row\" inverse=\"yes\" css=\".vc_custom_1473859431790{background-image: url(http:\/\/autocenterpremier.com.br\/wp-content\/uploads\/2016\/09\/parallax_2.jpg?id=40) !important;background-size: cover !important;}\" el_class=\"row-in\"][vc_column css=\".vc_custom_1474034149683{margin-top: 2.55rem !important;margin-bottom: 4.2rem !important;}\"]Manuten\u00e7\u00e3o CompletaNossa equipe de profissionais ir\u00e1 ajud\u00e1-lo a escolher as pe\u00e7as perfeitas para o seu ve\u00edculo[vc_empty_space height=\"0.5rem\"]Veja MaisEncontre os pneus certosUma grande fonte de produtos de qualidade a pronta-entrega[vc_empty_space height=\"0.5rem\"]Veja Mais[\/vc_column][\/vc_row] [vc_row full_width=\"stretch_row\" css=\".vc_custom_1473765798485{background-color: #f2f3f3 !important;}\"][vc_column css=\".vc_custom_1474277639365{margin-bottom: 0.4rem !important;}\"]Pneus de CarroPneus Pneu [...]","protected":false},"author":1,"featured_media":0,"parent":0,"menu_order":0,"comment_status":"closed","ping_status":"closed","template":"","meta":[],"_links":{"self":[{"href":"https:\/\/autocenterpremier.com.br\/index.php?rest_route=\/wp\/v2\/pages\/4"}],"collection":[{"href":"https:\/\/autocenterpremier.com.br\/index.php?rest_route=\/wp\/v2\/pages"}],"about":[{"href":"https:\/\/autocenterpremier.com.br\/index.php?rest_route=\/wp\/v2\/types\/page"}],"author":[{"embeddable":true,"href":"https:\/\/autocenterpremier.com.br\/index.php?rest_route=\/wp\/v2\/users\/1"}],"replies":[{"embeddable":true,"href":"https:\/\/autocenterpremier.com.br\/index.php?rest_route=%2Fwp%2Fv2%2Fcomments&post=4"}],"version-history":[{"count":79,"href":"https:\/\/autocenterpremier.com.br\/index.php?rest_route=\/wp\/v2\/pages\/4\/revisions"}],"predecessor-version":[{"id":1488,"href":"https:\/\/autocenterpremier.com.br\/index.php?rest_route=\/wp\/v2\/pages\/4\/revisions\/1488"}],"wp:attachment":[{"href":"https:\/\/autocenterpremier.com.br\/index.php?rest_route=%2Fwp%2Fv2%2Fmedia&parent=4"}],"curies":[{"name":"wp","href":"https:\/\/api.w.org\/{rel}","templated":true}]}}